{"id":12909,"date":"2016-04-12T03:32:43","date_gmt":"2016-04-12T10:32:43","guid":{"rendered":"https:\/\/redbooth.com\/fr\/?page_id=12909"},"modified":"2016-08-15T04:19:36","modified_gmt":"2016-08-15T11:19:36","slug":"gantt","status":"publish","type":"page","link":"https:\/\/redbooth.com\/fr\/gantt","title":{"rendered":"Des diagrammes de Gantt simples \u00e0 utiliser pour \u00eatre toujours inform\u00e9"},"content":{"rendered":"","protected":false},"excerpt":{"rendered":"","protected":false},"author":1,"featured_media":0,"parent":0,"menu_order":0,"comment_status":"closed","ping_status":"closed","template":"gantt.php","meta":{"inline_featured_image":false,"footnotes":""},"class_list":["post-12909","page","type-page","status-publish","hentry"],"_links":{"self":[{"href":"https:\/\/redbooth.com\/fr\/wp-json\/wp\/v2\/pages\/12909","targetHints":{"allow":["GET"]}}],"collection":[{"href":"https:\/\/redbooth.com\/fr\/wp-json\/wp\/v2\/pages"}],"about":[{"href":"https:\/\/redbooth.com\/fr\/wp-json\/wp\/v2\/types\/page"}],"author":[{"embeddable":true,"href":"https:\/\/redbooth.com\/fr\/wp-json\/wp\/v2\/users\/1"}],"replies":[{"embeddable":true,"href":"https:\/\/redbooth.com\/fr\/wp-json\/wp\/v2\/comments?post=12909"}],"version-history":[{"count":0,"href":"https:\/\/redbooth.com\/fr\/wp-json\/wp\/v2\/pages\/12909\/revisions"}],"wp:attachment":[{"href":"https:\/\/redbooth.com\/fr\/wp-json\/wp\/v2\/media?parent=12909"}],"curies":[{"name":"wp","href":"https:\/\/api.w.org\/{rel}","templated":true}]}}